{"id":3617,"date":"2014-09-14T08:54:12","date_gmt":"2014-09-14T06:54:12","guid":{"rendered":"https:\/\/astorialednice.cz\/home\/"},"modified":"2022-06-02T22:35:03","modified_gmt":"2022-06-02T20:35:03","slug":"home","status":"publish","type":"page","link":"https:\/\/astorialednice.cz\/en\/","title":{"rendered":"Home"},"content":{"rendered":"[vc_row][vc_column width=&#8221;2\/3&#8243; offset=&#8221;vc_col-sm-offset-2&#8243;][vc_column_text]\n<h1 style=\"text-align: center;\"><small>Welcome to <\/small>Penzi\u00f3n Astoria Lednice webpage<\/h1>\n<p class=\"lead\" style=\"text-align: center;\">Accommodation in our pension is an ideal choice for all types of tourists, as the area offers many opportunities for recreation and tourism.<\/p>\n<p style=\"text-align: center;\">The biggest cultural attraction is Lednice Castle, which is definitely worth a visit. You can choose from various sightseeing tours, such as a tempting tour of the children&#8217;s rooms of princes and princesses, which also includes the Milan Kn\u00ed\u017e\u00e1k Puppet Museum. <\/p>\n<p style=\"text-align: center;\"><a href=\"https:\/\/www.zamek-lednice.com\/cs\/akce\">Upcoming events in Lednice Castle<\/a><\/p>\n[\/vc_column_text][\/vc_column][\/vc_row][vc_row full_width=&#8221;stretch_row&#8221; parallax=&#8221;content-moving&#8221; parallax_layers=&#8221;yes&#8221; style_images=&#8221;yes&#8221; css=&#8221;.vc_custom_1654095949212{background-image: url(https:\/\/astorialednice.cz\/wp-content\/uploads\/2022\/06\/paralax.jpg?id=3419) !important;background-position: center;background-repeat: no-repeat;background-size: cover !important;}&#8221; parallax_offset=&#8221;150&#8243; layer_1=&#8221;3415&#8243; layer_2=&#8221;3416&#8243; layer_3=&#8221;3417&#8243; layer_1_ratio=&#8221;1.25123&#8243; layer_2_ratio=&#8221;0.94456456&#8243; layer_3_ratio=&#8221;1.111111&#8243; layer_1_vertical=&#8221;top: 80%&#8221; layer_1_horizontal=&#8221;left: 17%&#8221; layer_2_vertical=&#8221;top: 25%&#8221; layer_2_horizontal=&#8221;left: 24%&#8221; layer_3_vertical=&#8221;top: -10%&#8221; layer_3_horizontal=&#8221;left: 12%&#8221; layer_1_z=&#8221;1&#8243; layer_2_z=&#8221;0&#8243; layer_3_z=&#8221;1&#8243; el_class=&#8221;content-padding-xxl&#8221;][vc_column width=&#8221;1\/2&#8243; offset=&#8221;vc_col-sm-offset-6&#8243;][vc_column_text css=&#8221;.vc_custom_1654113437998{padding-top: 10px !important;padding-right: 10px !important;padding-bottom: 10px !important;padding-left: 10px !important;background-color: rgba(255,255,255,0.8) !important;*background-color: rgb(255,255,255) !important;border-radius: 10px !important;}&#8221;]\n<h2 style=\"text-align: center;\"><small>Discover the beauty of our region in the area of <\/small>Penzi\u00f3nu Astoria Lednice<\/h2>\n<p style=\"text-align: center;\">Free time can be used for a variety of activities. These include, for example, <strong>tennis<\/strong>, which can be practiced near the guest house. <strong>Fishermen<\/strong>have the opportunity to pursue their hobby by the river Dyje, which also flows through Lednice itself. Historical monuments as well as <strong>famous wine cellars<\/strong> with excellent Moravian wine call to visit. <a href=\"https:\/\/www.zamek-lednice.com\/\" target=\"_blank\" rel=\"noopener\">The unique castle park<\/a> with the most visited castle in the Czech Republic is mainly used for walks.<\/p>\n<p style=\"text-align: center;\"><a class=\"btn btn-inline\" href=\"#\">More info&#8230;<\/a><\/p>\n[\/vc_column_text][\/vc_column][\/vc_row]\n","protected":false},"excerpt":{"rendered":"<p>[vc_row][vc_column width=&#8221;2\/3&#8243; offset=&#8221;vc_col-sm-offset-2&#8243;][vc_column_text] Welcome to Penzi\u00f3n Astoria Lednice webpage Accommodation in our pension is an ideal choice for all types [&hellip;]<\/p>\n","protected":false},"author":1,"featured_media":0,"parent":0,"menu_order":0,"comment_status":"closed","ping_status":"closed","template":"","meta":{"om_disable_all_campaigns":false,"_monsterinsights_skip_tracking":false,"_monsterinsights_sitenote_active":false,"_monsterinsights_sitenote_note":"","_monsterinsights_sitenote_category":0,"footnotes":""},"class_list":["post-3617","page","type-page","status-publish","hentry"],"aioseo_notices":[],"_links":{"self":[{"href":"https:\/\/astorialednice.cz\/en\/wp-json\/wp\/v2\/pages\/3617","targetHints":{"allow":["GET"]}}],"collection":[{"href":"https:\/\/astorialednice.cz\/en\/wp-json\/wp\/v2\/pages"}],"about":[{"href":"https:\/\/astorialednice.cz\/en\/wp-json\/wp\/v2\/types\/page"}],"author":[{"embeddable":true,"href":"https:\/\/astorialednice.cz\/en\/wp-json\/wp\/v2\/users\/1"}],"replies":[{"embeddable":true,"href":"https:\/\/astorialednice.cz\/en\/wp-json\/wp\/v2\/comments?post=3617"}],"version-history":[{"count":2,"href":"https:\/\/astorialednice.cz\/en\/wp-json\/wp\/v2\/pages\/3617\/revisions"}],"predecessor-version":[{"id":3664,"href":"https:\/\/astorialednice.cz\/en\/wp-json\/wp\/v2\/pages\/3617\/revisions\/3664"}],"wp:attachment":[{"href":"https:\/\/astorialednice.cz\/en\/wp-json\/wp\/v2\/media?parent=3617"}],"curies":[{"name":"wp","href":"https:\/\/api.w.org\/{rel}","templated":true}]}}